{"id":33561,"date":"2021-03-24T16:42:17","date_gmt":"2021-03-24T15:42:17","guid":{"rendered":"http:\/\/mobilane.com\/?page_id=33561"},"modified":"2026-03-17T16:36:27","modified_gmt":"2026-03-17T15:36:27","slug":"home-2","status":"publish","type":"page","link":"https:\/\/mobilane.com\/be-fr\/","title":{"rendered":"Home"},"content":{"rendered":"<div class=\"article__intro\">Lets get Green<\/div>\n","protected":false},"excerpt":{"rendered":"<p>Lets get Green<\/p>\n","protected":false},"author":16,"featured_media":0,"parent":0,"menu_order":0,"comment_status":"closed","ping_status":"closed","template":"templates\/template-home.php","meta":{"_acf_changed":false,"footnotes":""},"class_list":["post-33561","page","type-page","status-publish","hentry"],"acf":[],"yoast_head":"<!-- This site is optimized with the Yoast SEO plugin v27.3 - https:\/\/yoast.com\/product\/yoast-seo-wordpress\/ -->\n<title>Mobilane | Solution de syst\u00e8me \u00e9cologique pr\u00eate \u00e0 l&#039;emploi<\/title>\n<meta name=\"description\" content=\"Mobilane est le leader du march\u00e9 dans le d\u00e9veloppement durable et la fourniture de syst\u00e8mes verts innovants brevet\u00e9s pour chaque situation.\" \/>\n<meta name=\"robots\" content=\"index, follow, max-snippet:-1, max-image-preview:large, max-video-preview:-1\" \/>\n<link rel=\"canonical\" href=\"https:\/\/mobilane.com\/be-fr\/\" \/>\n<meta property=\"og:locale\" content=\"fr_FR\" \/>\n<meta property=\"og:type\" content=\"article\" \/>\n<meta property=\"og:title\" content=\"Mobilane | Solution de syst\u00e8me \u00e9cologique pr\u00eate \u00e0 l&#039;emploi\" \/>\n<meta property=\"og:description\" content=\"Mobilane est le leader du march\u00e9 dans le d\u00e9veloppement durable et la fourniture de syst\u00e8mes verts innovants brevet\u00e9s pour chaque situation.\" \/>\n<meta property=\"og:url\" content=\"https:\/\/mobilane.com\/be-fr\/\" \/>\n<meta property=\"og:site_name\" content=\"Mobilane\" \/>\n<meta property=\"article:modified_time\" content=\"2026-03-17T15:36:27+00:00\" \/>\n<meta name=\"twitter:card\" content=\"summary_large_image\" \/>\n<meta name=\"twitter:label1\" content=\"Dur\u00e9e de lecture est.\" \/>\n\t<meta name=\"twitter:data1\" content=\"1 minute\" \/>\n<script type=\"application\/ld+json\" class=\"yoast-schema-graph\">{\"@context\":\"https:\\\/\\\/schema.org\",\"@graph\":[{\"@type\":\"WebPage\",\"@id\":\"https:\\\/\\\/mobilane.com\\\/be-fr\\\/\",\"url\":\"https:\\\/\\\/mobilane.com\\\/be-fr\\\/\",\"name\":\"Mobilane | Solution de syst\u00e8me \u00e9cologique pr\u00eate \u00e0 l'emploi\",\"isPartOf\":{\"@id\":\"https:\\\/\\\/mobilane.com\\\/#website\"},\"datePublished\":\"2021-03-24T15:42:17+00:00\",\"dateModified\":\"2026-03-17T15:36:27+00:00\",\"description\":\"Mobilane est le leader du march\u00e9 dans le d\u00e9veloppement durable et la fourniture de syst\u00e8mes verts innovants brevet\u00e9s pour chaque situation.\",\"breadcrumb\":{\"@id\":\"https:\\\/\\\/mobilane.com\\\/be-fr\\\/#breadcrumb\"},\"inLanguage\":\"fr-BE\",\"potentialAction\":[{\"@type\":\"ReadAction\",\"target\":[\"https:\\\/\\\/mobilane.com\\\/be-fr\\\/\"]}]},{\"@type\":\"BreadcrumbList\",\"@id\":\"https:\\\/\\\/mobilane.com\\\/be-fr\\\/#breadcrumb\",\"itemListElement\":[{\"@type\":\"ListItem\",\"position\":1,\"name\":\"Home\",\"item\":\"https:\\\/\\\/mobilane.com\\\/be-fr\\\/\"},{\"@type\":\"ListItem\",\"position\":2,\"name\":\"Home\"}]},{\"@type\":\"WebSite\",\"@id\":\"https:\\\/\\\/mobilane.com\\\/#website\",\"url\":\"https:\\\/\\\/mobilane.com\\\/\",\"name\":\"Mobilane\",\"description\":\"Ready Made Green Systems\",\"publisher\":{\"@id\":\"https:\\\/\\\/mobilane.com\\\/#organization\"},\"potentialAction\":[{\"@type\":\"SearchAction\",\"target\":{\"@type\":\"EntryPoint\",\"urlTemplate\":\"https:\\\/\\\/mobilane.com\\\/?s={search_term_string}\"},\"query-input\":{\"@type\":\"PropertyValueSpecification\",\"valueRequired\":true,\"valueName\":\"search_term_string\"}}],\"inLanguage\":\"fr-BE\"},{\"@type\":\"Organization\",\"@id\":\"https:\\\/\\\/mobilane.com\\\/#organization\",\"name\":\"Mobilane\",\"url\":\"https:\\\/\\\/mobilane.com\\\/\",\"logo\":{\"@type\":\"ImageObject\",\"inLanguage\":\"fr-BE\",\"@id\":\"https:\\\/\\\/mobilane.com\\\/#\\\/schema\\\/logo\\\/image\\\/\",\"url\":\"https:\\\/\\\/mobilane.com\\\/app\\\/uploads\\\/2019\\\/10\\\/logo-colour2x.png\",\"contentUrl\":\"https:\\\/\\\/mobilane.com\\\/app\\\/uploads\\\/2019\\\/10\\\/logo-colour2x.png\",\"width\":1472,\"height\":295,\"caption\":\"Mobilane\"},\"image\":{\"@id\":\"https:\\\/\\\/mobilane.com\\\/#\\\/schema\\\/logo\\\/image\\\/\"}}]}<\/script>\n<!-- \/ Yoast SEO plugin. -->","yoast_head_json":{"title":"Mobilane | Solution de syst\u00e8me \u00e9cologique pr\u00eate \u00e0 l'emploi","description":"Mobilane est le leader du march\u00e9 dans le d\u00e9veloppement durable et la fourniture de syst\u00e8mes verts innovants brevet\u00e9s pour chaque situation.","robots":{"index":"index","follow":"follow","max-snippet":"max-snippet:-1","max-image-preview":"max-image-preview:large","max-video-preview":"max-video-preview:-1"},"canonical":"https:\/\/mobilane.com\/be-fr\/","og_locale":"fr_FR","og_type":"article","og_title":"Mobilane | Solution de syst\u00e8me \u00e9cologique pr\u00eate \u00e0 l'emploi","og_description":"Mobilane est le leader du march\u00e9 dans le d\u00e9veloppement durable et la fourniture de syst\u00e8mes verts innovants brevet\u00e9s pour chaque situation.","og_url":"https:\/\/mobilane.com\/be-fr\/","og_site_name":"Mobilane","article_modified_time":"2026-03-17T15:36:27+00:00","twitter_card":"summary_large_image","twitter_misc":{"Dur\u00e9e de lecture est.":"1 minute"},"schema":{"@context":"https:\/\/schema.org","@graph":[{"@type":"WebPage","@id":"https:\/\/mobilane.com\/be-fr\/","url":"https:\/\/mobilane.com\/be-fr\/","name":"Mobilane | Solution de syst\u00e8me \u00e9cologique pr\u00eate \u00e0 l'emploi","isPartOf":{"@id":"https:\/\/mobilane.com\/#website"},"datePublished":"2021-03-24T15:42:17+00:00","dateModified":"2026-03-17T15:36:27+00:00","description":"Mobilane est le leader du march\u00e9 dans le d\u00e9veloppement durable et la fourniture de syst\u00e8mes verts innovants brevet\u00e9s pour chaque situation.","breadcrumb":{"@id":"https:\/\/mobilane.com\/be-fr\/#breadcrumb"},"inLanguage":"fr-BE","potentialAction":[{"@type":"ReadAction","target":["https:\/\/mobilane.com\/be-fr\/"]}]},{"@type":"BreadcrumbList","@id":"https:\/\/mobilane.com\/be-fr\/#breadcrumb","itemListElement":[{"@type":"ListItem","position":1,"name":"Home","item":"https:\/\/mobilane.com\/be-fr\/"},{"@type":"ListItem","position":2,"name":"Home"}]},{"@type":"WebSite","@id":"https:\/\/mobilane.com\/#website","url":"https:\/\/mobilane.com\/","name":"Mobilane","description":"Ready Made Green Systems","publisher":{"@id":"https:\/\/mobilane.com\/#organization"},"potentialAction":[{"@type":"SearchAction","target":{"@type":"EntryPoint","urlTemplate":"https:\/\/mobilane.com\/?s={search_term_string}"},"query-input":{"@type":"PropertyValueSpecification","valueRequired":true,"valueName":"search_term_string"}}],"inLanguage":"fr-BE"},{"@type":"Organization","@id":"https:\/\/mobilane.com\/#organization","name":"Mobilane","url":"https:\/\/mobilane.com\/","logo":{"@type":"ImageObject","inLanguage":"fr-BE","@id":"https:\/\/mobilane.com\/#\/schema\/logo\/image\/","url":"https:\/\/mobilane.com\/app\/uploads\/2019\/10\/logo-colour2x.png","contentUrl":"https:\/\/mobilane.com\/app\/uploads\/2019\/10\/logo-colour2x.png","width":1472,"height":295,"caption":"Mobilane"},"image":{"@id":"https:\/\/mobilane.com\/#\/schema\/logo\/image\/"}}]}},"_links":{"self":[{"href":"https:\/\/mobilane.com\/be-fr\/wp-json\/wp\/v2\/pages\/33561","targetHints":{"allow":["GET"]}}],"collection":[{"href":"https:\/\/mobilane.com\/be-fr\/wp-json\/wp\/v2\/pages"}],"about":[{"href":"https:\/\/mobilane.com\/be-fr\/wp-json\/wp\/v2\/types\/page"}],"author":[{"embeddable":true,"href":"https:\/\/mobilane.com\/be-fr\/wp-json\/wp\/v2\/users\/16"}],"replies":[{"embeddable":true,"href":"https:\/\/mobilane.com\/be-fr\/wp-json\/wp\/v2\/comments?post=33561"}],"version-history":[{"count":5,"href":"https:\/\/mobilane.com\/be-fr\/wp-json\/wp\/v2\/pages\/33561\/revisions"}],"predecessor-version":[{"id":88421,"href":"https:\/\/mobilane.com\/be-fr\/wp-json\/wp\/v2\/pages\/33561\/revisions\/88421"}],"wp:attachment":[{"href":"https:\/\/mobilane.com\/be-fr\/wp-json\/wp\/v2\/media?parent=33561"}],"curies":[{"name":"wp","href":"https:\/\/api.w.org\/{rel}","templated":true}]}}