{"id":14114,"date":"2019-05-10T12:36:33","date_gmt":"2019-05-10T10:36:33","guid":{"rendered":"http:\/\/mobilane.com\/cookie-verklaring\/"},"modified":"2022-01-31T15:32:48","modified_gmt":"2022-01-31T14:32:48","slug":"declaration-de-cookie","status":"publish","type":"page","link":"https:\/\/mobilane.com\/be-fr\/declaration-de-cookie\/","title":{"rendered":"D\u00e9claration de cookie"},"content":{"rendered":"<p><script id=\"CookieDeclaration\" src=\"https:\/\/consent.cookiebot.com\/a7a3e9b8-c4ba-46ab-9c43-2e1c6f57e5f1\/cd.js\" type=\"text\/javascript\" async><\/script><\/p>\n","protected":false},"excerpt":{"rendered":"","protected":false},"author":16,"featured_media":0,"parent":0,"menu_order":0,"comment_status":"closed","ping_status":"closed","template":"","meta":{"_acf_changed":false,"footnotes":""},"class_list":["post-14114","page","type-page","status-publish","hentry"],"acf":[],"yoast_head":"<!-- This site is optimized with the Yoast SEO plugin v27.3 - https:\/\/yoast.com\/product\/yoast-seo-wordpress\/ -->\n<title>D\u00e9claration de cookie - Mobilane<\/title>\n<meta name=\"description\" content=\"Nous attachons une grande importance \u00e0 la protection, la confidentialit\u00e9 et l&#039;int\u00e9grit\u00e9 de vos donn\u00e9es personnelles. Plus d&#039;informations\" \/>\n<meta name=\"robots\" content=\"index, follow, max-snippet:-1, max-image-preview:large, max-video-preview:-1\" \/>\n<link rel=\"canonical\" href=\"https:\/\/mobilane.com\/be-fr\/declaration-de-cookie\/\" \/>\n<meta property=\"og:locale\" content=\"fr_FR\" \/>\n<meta property=\"og:type\" content=\"article\" \/>\n<meta property=\"og:title\" content=\"D\u00e9claration de cookie - Mobilane\" \/>\n<meta property=\"og:description\" content=\"Nous attachons une grande importance \u00e0 la protection, la confidentialit\u00e9 et l&#039;int\u00e9grit\u00e9 de vos donn\u00e9es personnelles. Plus d&#039;informations\" \/>\n<meta property=\"og:url\" content=\"https:\/\/mobilane.com\/be-fr\/declaration-de-cookie\/\" \/>\n<meta property=\"og:site_name\" content=\"Mobilane\" \/>\n<meta property=\"article:modified_time\" content=\"2022-01-31T14:32:48+00:00\" \/>\n<meta name=\"twitter:card\" content=\"summary_large_image\" \/>\n<script type=\"application\/ld+json\" class=\"yoast-schema-graph\">{\"@context\":\"https:\\\/\\\/schema.org\",\"@graph\":[{\"@type\":\"WebPage\",\"@id\":\"https:\\\/\\\/mobilane.com\\\/be-fr\\\/declaration-de-cookie\\\/\",\"url\":\"https:\\\/\\\/mobilane.com\\\/be-fr\\\/declaration-de-cookie\\\/\",\"name\":\"D\u00e9claration de cookie - Mobilane\",\"isPartOf\":{\"@id\":\"https:\\\/\\\/mobilane.com\\\/#website\"},\"datePublished\":\"2019-05-10T10:36:33+00:00\",\"dateModified\":\"2022-01-31T14:32:48+00:00\",\"description\":\"Nous attachons une grande importance \u00e0 la protection, la confidentialit\u00e9 et l'int\u00e9grit\u00e9 de vos donn\u00e9es personnelles. Plus d'informations\",\"breadcrumb\":{\"@id\":\"https:\\\/\\\/mobilane.com\\\/be-fr\\\/declaration-de-cookie\\\/#breadcrumb\"},\"inLanguage\":\"fr-BE\",\"potentialAction\":[{\"@type\":\"ReadAction\",\"target\":[\"https:\\\/\\\/mobilane.com\\\/be-fr\\\/declaration-de-cookie\\\/\"]}]},{\"@type\":\"BreadcrumbList\",\"@id\":\"https:\\\/\\\/mobilane.com\\\/be-fr\\\/declaration-de-cookie\\\/#breadcrumb\",\"itemListElement\":[{\"@type\":\"ListItem\",\"position\":1,\"name\":\"Home\",\"item\":\"https:\\\/\\\/mobilane.com\\\/be-fr\\\/\"},{\"@type\":\"ListItem\",\"position\":2,\"name\":\"D\u00e9claration de cookie\"}]},{\"@type\":\"WebSite\",\"@id\":\"https:\\\/\\\/mobilane.com\\\/#website\",\"url\":\"https:\\\/\\\/mobilane.com\\\/\",\"name\":\"Mobilane\",\"description\":\"Ready Made Green Systems\",\"publisher\":{\"@id\":\"https:\\\/\\\/mobilane.com\\\/#organization\"},\"potentialAction\":[{\"@type\":\"SearchAction\",\"target\":{\"@type\":\"EntryPoint\",\"urlTemplate\":\"https:\\\/\\\/mobilane.com\\\/?s={search_term_string}\"},\"query-input\":{\"@type\":\"PropertyValueSpecification\",\"valueRequired\":true,\"valueName\":\"search_term_string\"}}],\"inLanguage\":\"fr-BE\"},{\"@type\":\"Organization\",\"@id\":\"https:\\\/\\\/mobilane.com\\\/#organization\",\"name\":\"Mobilane\",\"url\":\"https:\\\/\\\/mobilane.com\\\/\",\"logo\":{\"@type\":\"ImageObject\",\"inLanguage\":\"fr-BE\",\"@id\":\"https:\\\/\\\/mobilane.com\\\/#\\\/schema\\\/logo\\\/image\\\/\",\"url\":\"https:\\\/\\\/mobilane.com\\\/app\\\/uploads\\\/2019\\\/10\\\/logo-colour2x.png\",\"contentUrl\":\"https:\\\/\\\/mobilane.com\\\/app\\\/uploads\\\/2019\\\/10\\\/logo-colour2x.png\",\"width\":1472,\"height\":295,\"caption\":\"Mobilane\"},\"image\":{\"@id\":\"https:\\\/\\\/mobilane.com\\\/#\\\/schema\\\/logo\\\/image\\\/\"}}]}<\/script>\n<!-- \/ Yoast SEO plugin. -->","yoast_head_json":{"title":"D\u00e9claration de cookie - Mobilane","description":"Nous attachons une grande importance \u00e0 la protection, la confidentialit\u00e9 et l'int\u00e9grit\u00e9 de vos donn\u00e9es personnelles. Plus d'informations","robots":{"index":"index","follow":"follow","max-snippet":"max-snippet:-1","max-image-preview":"max-image-preview:large","max-video-preview":"max-video-preview:-1"},"canonical":"https:\/\/mobilane.com\/be-fr\/declaration-de-cookie\/","og_locale":"fr_FR","og_type":"article","og_title":"D\u00e9claration de cookie - Mobilane","og_description":"Nous attachons une grande importance \u00e0 la protection, la confidentialit\u00e9 et l'int\u00e9grit\u00e9 de vos donn\u00e9es personnelles. Plus d'informations","og_url":"https:\/\/mobilane.com\/be-fr\/declaration-de-cookie\/","og_site_name":"Mobilane","article_modified_time":"2022-01-31T14:32:48+00:00","twitter_card":"summary_large_image","schema":{"@context":"https:\/\/schema.org","@graph":[{"@type":"WebPage","@id":"https:\/\/mobilane.com\/be-fr\/declaration-de-cookie\/","url":"https:\/\/mobilane.com\/be-fr\/declaration-de-cookie\/","name":"D\u00e9claration de cookie - Mobilane","isPartOf":{"@id":"https:\/\/mobilane.com\/#website"},"datePublished":"2019-05-10T10:36:33+00:00","dateModified":"2022-01-31T14:32:48+00:00","description":"Nous attachons une grande importance \u00e0 la protection, la confidentialit\u00e9 et l'int\u00e9grit\u00e9 de vos donn\u00e9es personnelles. Plus d'informations","breadcrumb":{"@id":"https:\/\/mobilane.com\/be-fr\/declaration-de-cookie\/#breadcrumb"},"inLanguage":"fr-BE","potentialAction":[{"@type":"ReadAction","target":["https:\/\/mobilane.com\/be-fr\/declaration-de-cookie\/"]}]},{"@type":"BreadcrumbList","@id":"https:\/\/mobilane.com\/be-fr\/declaration-de-cookie\/#breadcrumb","itemListElement":[{"@type":"ListItem","position":1,"name":"Home","item":"https:\/\/mobilane.com\/be-fr\/"},{"@type":"ListItem","position":2,"name":"D\u00e9claration de cookie"}]},{"@type":"WebSite","@id":"https:\/\/mobilane.com\/#website","url":"https:\/\/mobilane.com\/","name":"Mobilane","description":"Ready Made Green Systems","publisher":{"@id":"https:\/\/mobilane.com\/#organization"},"potentialAction":[{"@type":"SearchAction","target":{"@type":"EntryPoint","urlTemplate":"https:\/\/mobilane.com\/?s={search_term_string}"},"query-input":{"@type":"PropertyValueSpecification","valueRequired":true,"valueName":"search_term_string"}}],"inLanguage":"fr-BE"},{"@type":"Organization","@id":"https:\/\/mobilane.com\/#organization","name":"Mobilane","url":"https:\/\/mobilane.com\/","logo":{"@type":"ImageObject","inLanguage":"fr-BE","@id":"https:\/\/mobilane.com\/#\/schema\/logo\/image\/","url":"https:\/\/mobilane.com\/app\/uploads\/2019\/10\/logo-colour2x.png","contentUrl":"https:\/\/mobilane.com\/app\/uploads\/2019\/10\/logo-colour2x.png","width":1472,"height":295,"caption":"Mobilane"},"image":{"@id":"https:\/\/mobilane.com\/#\/schema\/logo\/image\/"}}]}},"_links":{"self":[{"href":"https:\/\/mobilane.com\/be-fr\/wp-json\/wp\/v2\/pages\/14114","targetHints":{"allow":["GET"]}}],"collection":[{"href":"https:\/\/mobilane.com\/be-fr\/wp-json\/wp\/v2\/pages"}],"about":[{"href":"https:\/\/mobilane.com\/be-fr\/wp-json\/wp\/v2\/types\/page"}],"author":[{"embeddable":true,"href":"https:\/\/mobilane.com\/be-fr\/wp-json\/wp\/v2\/users\/16"}],"replies":[{"embeddable":true,"href":"https:\/\/mobilane.com\/be-fr\/wp-json\/wp\/v2\/comments?post=14114"}],"version-history":[{"count":1,"href":"https:\/\/mobilane.com\/be-fr\/wp-json\/wp\/v2\/pages\/14114\/revisions"}],"predecessor-version":[{"id":14115,"href":"https:\/\/mobilane.com\/be-fr\/wp-json\/wp\/v2\/pages\/14114\/revisions\/14115"}],"wp:attachment":[{"href":"https:\/\/mobilane.com\/be-fr\/wp-json\/wp\/v2\/media?parent=14114"}],"curies":[{"name":"wp","href":"https:\/\/api.w.org\/{rel}","templated":true}]}}